{"id":4052,"date":"2025-01-28T06:49:24","date_gmt":"2025-01-28T05:49:24","guid":{"rendered":"https:\/\/sokol-bau.eu\/cookie-richtlinie-eu\/"},"modified":"2025-02-11T11:34:51","modified_gmt":"2025-02-11T10:34:51","slug":"cookie-richtlinie-eu","status":"publish","type":"page","link":"https:\/\/sokol-bau.eu\/?page_id=4052","title":{"rendered":"Cookie-Richtlinie (EU)"},"content":{"rendered":"\t\t<div data-elementor-type=\"wp-page\" data-elementor-id=\"4052\" class=\"elementor elementor-4052\">\n\t\t\t\t<div class=\"elementor-element elementor-element-0dee934 e-grid e-con-boxed e-con e-parent\" data-id=\"0dee934\" data-element_type=\"container\" data-e-type=\"container\">\n\t\t\t\t\t<div class=\"e-con-inner\">\n\t\t\t\t\t<\/div>\n\t\t\t\t<\/div>\n\t\t<div class=\"elementor-element elementor-element-c0a71b3 e-flex e-con-boxed e-con e-parent\" data-id=\"c0a71b3\" data-element_type=\"container\" data-e-type=\"container\" data-settings=\"{&quot;background_background&quot;:&quot;classic&quot;}\">\n\t\t\t\t\t<div class=\"e-con-inner\">\n\t\t<div class=\"elementor-element elementor-element-ca81643 e-con-full e-flex e-con e-child\" data-id=\"ca81643\" data-element_type=\"container\" data-e-type=\"container\">\n\t\t<div class=\"elementor-element elementor-element-5121d0b e-con-full e-flex e-con e-child\" data-id=\"5121d0b\" data-element_type=\"container\" data-e-type=\"container\">\n\t\t<div class=\"elementor-element elementor-element-8036d23 e-con-full e-flex e-con e-child\" data-id=\"8036d23\" data-element_type=\"container\" data-e-type=\"container\">\n\t\t\t\t<div class=\"elementor-element elementor-element-411fbb2 elementor-invisible elementor-widget elementor-widget-text-editor\" data-id=\"411fbb2\" data-element_type=\"widget\" data-e-type=\"widget\" data-settings=\"{&quot;_animation&quot;:&quot;fadeInDown&quot;}\" data-widget_type=\"text-editor.default\">\n\t\t\t\t\t\t\t\t\t<p><i><span style=\"font-size: 12.0pt; line-height: 115%; font-family: 'Aptos',sans-serif; mso-ascii-theme-font: minor-latin; mso-fareast-font-family: Aptos; mso-fareast-theme-font: minor-latin; mso-hansi-theme-font: minor-latin; mso-bidi-font-family: 'Times New Roman'; mso-bidi-theme-font: minor-bidi; mso-ansi-language: DE; mso-fareast-language: EN-US; mso-bidi-language: AR-SA;\">Cookie-Richtlinie\u00a0<\/span><\/i><\/p>\t\t\t\t\t\t\t\t<\/div>\n\t\t\t\t<div class=\"elementor-element elementor-element-fe20607 animated-slow elementor-invisible elementor-widget elementor-widget-heading\" data-id=\"fe20607\" data-element_type=\"widget\" data-e-type=\"widget\" data-settings=\"{&quot;_animation&quot;:&quot;fadeIn&quot;,&quot;_animation_delay&quot;:600}\" data-widget_type=\"heading.default\">\n\t\t\t\t\t<h2 class=\"elementor-heading-title elementor-size-default\"><a href=\"https:\/\/sokol-bau.eu%20\" target=\"_blank\">sokol-bau.eu <\/a><\/h2>\t\t\t\t<\/div>\n\t\t\t\t<div class=\"elementor-element elementor-element-7d6bcf8 elementor-widget elementor-widget-spacer\" data-id=\"7d6bcf8\" data-element_type=\"widget\" data-e-type=\"widget\" data-widget_type=\"spacer.default\">\n\t\t\t\t\t\t\t<div class=\"elementor-spacer\">\n\t\t\t<div class=\"elementor-spacer-inner\"><\/div>\n\t\t<\/div>\n\t\t\t\t\t\t<\/div>\n\t\t\t\t<div class=\"elementor-element elementor-element-127ea52 elementor-drop-cap-yes elementor-drop-cap-view-stacked elementor-widget elementor-widget-text-editor\" data-id=\"127ea52\" data-element_type=\"widget\" data-e-type=\"widget\" data-settings=\"{&quot;drop_cap&quot;:&quot;yes&quot;}\" data-widget_type=\"text-editor.default\">\n\t\t\t\t\t\t\t\t\t<p><em>Diese Cookie-Richtlinie wurde zuletzt am 28. J\u00e4nner 2025 aktualisiert und gilt f\u00fcr B\u00fcrger und Einwohner mit st\u00e4ndigem Wohnsitz im Europ\u00e4ischen Wirtschaftsraum und der Schweiz.<\/em><\/p>\t\t\t\t\t\t\t\t<\/div>\n\t\t\t\t<div class=\"elementor-element elementor-element-bb6383a elementor-widget elementor-widget-text-editor\" data-id=\"bb6383a\" data-element_type=\"widget\" data-e-type=\"widget\" data-widget_type=\"text-editor.default\">\n\t\t\t\t\t\t\t\t\t<h5><strong> Einf\u00fchrung<\/strong><\/h5><p>Unsere Website,\u00a0<a href=\"https:\/\/sokol-bau.eu\/\">https:\/\/sokol-bau.eu<\/a>\u00a0(im folgenden: &#8222;Die Website&#8220;) verwendet Cookies und \u00e4hnliche Technologien (der Einfachheit halber werden all diese unter &#8222;Cookies&#8220; zusammengefasst). Cookies werden au\u00dferdem von uns beauftragten Drittparteien platziert. In dem unten stehenden Dokument informieren wir dich \u00fcber die Verwendung von Cookies auf unserer Website.<\/p>\t\t\t\t\t\t\t\t<\/div>\n\t\t\t\t<div class=\"elementor-element elementor-element-2b0add0 elementor-widget elementor-widget-text-editor\" data-id=\"2b0add0\" data-element_type=\"widget\" data-e-type=\"widget\" data-widget_type=\"text-editor.default\">\n\t\t\t\t\t\t\t\t\t<h5><strong> Was sind Cookies?<\/strong><\/h5><p>Ein Cookie ist eine einfache kleine Datei, die gemeinsam mit den Seiten einer Internetadresse versendet und vom Webbrowser auf dem PC oder einem anderen Ger\u00e4t gespeichert werden kann. Die darin gespeicherten Informationen k\u00f6nnen w\u00e4hrend folgender Besuche zu unseren oder den Servern relevanter Drittanbieter gesendet werden.<\/p>\t\t\t\t\t\t\t\t<\/div>\n\t\t\t\t<div class=\"elementor-element elementor-element-8f66583 elementor-widget elementor-widget-text-editor\" data-id=\"8f66583\" data-element_type=\"widget\" data-e-type=\"widget\" data-widget_type=\"text-editor.default\">\n\t\t\t\t\t\t\t\t\t<h5><strong> Was sind Skripte?<\/strong><\/h5><p>Ein Script ist ein St\u00fcck Programmcode, das benutzt wird, um unserer Website Funktionalit\u00e4t und Interaktivit\u00e4t zu erm\u00f6glichen. Dieser Code wird auf unseren Servern oder auf deinem Ger\u00e4t ausgef\u00fchrt.<\/p>\t\t\t\t\t\t\t\t<\/div>\n\t\t\t\t<div class=\"elementor-element elementor-element-811ab64 elementor-widget elementor-widget-text-editor\" data-id=\"811ab64\" data-element_type=\"widget\" data-e-type=\"widget\" data-widget_type=\"text-editor.default\">\n\t\t\t\t\t\t\t\t\t<h5><strong> Was ist ein Web Beacon?<\/strong><\/h5><p>Ein Web-Beacon (auch Pixel-Tag genannt), ist ein kleines unsichtbares Textfragment oder Bild auf einer Website, das benutzt wird, um den Verkehr auf der Website zu \u00fcberwachen. Um dies zu erm\u00f6glichen werden diverse Daten von dir mittels Web-Beacons gespeichert.<\/p>\t\t\t\t\t\t\t\t<\/div>\n\t\t\t\t<div class=\"elementor-element elementor-element-63478ad elementor-widget elementor-widget-text-editor\" data-id=\"63478ad\" data-element_type=\"widget\" data-e-type=\"widget\" data-widget_type=\"text-editor.default\">\n\t\t\t\t\t\t\t\t\t<h5><strong> Cookies<\/strong><\/h5><p><strong>Technische oder funktionelle Cookies<\/strong><\/p><p>Einige Cookies stellen sicher, dass Teile unserer Website richtig funktionieren und deine Nutzervorlieben bekannt bleiben. Durch das Platzieren funktionaler Cookies machen wir es dir einfacher unsere Website zu besuchen. Auf diese Weise musst du bei Besuchen unserer Website nicht wiederholt die gleichen Informationen eingeben, oder deine Gegenst\u00e4nde bleiben beispielsweise in deinem Warenkorb bis du bezahlst. Wir k\u00f6nnen diese Cookies ohne dein Einverst\u00e4ndnis platzieren.<\/p>\t\t\t\t\t\t\t\t<\/div>\n\t\t\t\t<div class=\"elementor-element elementor-element-2bc6d79 elementor-widget elementor-widget-text-editor\" data-id=\"2bc6d79\" data-element_type=\"widget\" data-e-type=\"widget\" data-widget_type=\"text-editor.default\">\n\t\t\t\t\t\t\t\t\t<h5><strong>Marketing- \/ Tracking-Cookies<\/strong><\/h5><p>Marketing- \/ Tracking-Cookies sind Cookies oder eine andere Form der lokalen Speicherung, die zur Erstellung von Benutzerprofilen verwendet werden, um Werbung anzuzeigen oder den Benutzer auf dieser Website oder \u00fcber mehrere Websites hinweg f\u00fcr \u00e4hnliche Marketingzwecke zu verfolgen.<\/p>\t\t\t\t\t\t\t\t<\/div>\n\t\t\t\t<div class=\"elementor-element elementor-element-131adab elementor-widget elementor-widget-text-editor\" data-id=\"131adab\" data-element_type=\"widget\" data-e-type=\"widget\" data-widget_type=\"text-editor.default\">\n\t\t\t\t\t\t\t\t\t<h5><strong> Platzierte Cookies<\/strong><\/h5><p><strong>Elementor<\/strong><\/p><p>Gegenstand der Untersuchung<\/p><p>Consent to service elementor<\/p><p><strong>WordPress<\/strong><\/p><p>Gegenstand der Untersuchung<\/p><p>Consent to service wordpress<\/p><p><strong>Complianz<\/strong><\/p><p>Gegenstand der Untersuchung<\/p><p>Consent to service complianz<\/p><p><strong>Google Fonts<\/strong><\/p><p>Gegenstand der Untersuchung<\/p><p>Consent to service google-fonts<\/p><p><strong>Google Maps<\/strong><\/p><p>Gegenstand der Untersuchung<\/p><p>Consent to service google-maps<\/p><p><strong>YouTube<\/strong><\/p><p>Gegenstand der Untersuchung<\/p><p>Consent to service youtube<\/p><p><strong>Sonstiges<\/strong><\/p><p>Gegenstand der Untersuchung<\/p><p>Consent to service sonstiges<\/p>\t\t\t\t\t\t\t\t<\/div>\n\t\t\t\t<div class=\"elementor-element elementor-element-2df4e02 elementor-widget elementor-widget-text-editor\" data-id=\"2df4e02\" data-element_type=\"widget\" data-e-type=\"widget\" data-widget_type=\"text-editor.default\">\n\t\t\t\t\t\t\t\t\t<h5><strong> Zustimmung<\/strong><\/h5><p>Wenn du unsere Website das erste Mal besuchst, zeigen wir dir ein Pop-Up mit einer Erkl\u00e4rung \u00fcber Cookies. Sobald du auf &#8222;Ich akzeptiere&#8220; klickst, gibst du uns dein Einverst\u00e4ndnis, alle in diesem Pop-Up und in der Cookie-Richtlinie beschriebenen Cookies und Plugins zu verwenden. Du kannst die Verwendung von Cookies \u00fcber deinen Browser deaktivieren, aber bitte beachte, dass unsere Website dann unter Umst\u00e4nden nicht richtig funktioniert.<\/p>\t\t\t\t\t\t\t\t<\/div>\n\t\t\t\t<div class=\"elementor-element elementor-element-85b0137 elementor-widget elementor-widget-text-editor\" data-id=\"85b0137\" data-element_type=\"widget\" data-e-type=\"widget\" data-widget_type=\"text-editor.default\">\n\t\t\t\t\t\t\t\t\t<h5><strong>Verwalte deine Zustimmungseinstellungen<\/strong><\/h5><p>FunkcjonalneImmer aktiv<\/p><p>MarketingMarketing<\/p>\t\t\t\t\t\t\t\t<\/div>\n\t\t\t\t<div class=\"elementor-element elementor-element-3317b53 elementor-widget elementor-widget-text-editor\" data-id=\"3317b53\" data-element_type=\"widget\" data-e-type=\"widget\" data-widget_type=\"text-editor.default\">\n\t\t\t\t\t\t\t\t\t<h5><strong> Aktivierung\/Deaktivierung und L\u00f6schen von Cookies<\/strong><\/h5><p>Du kannst deinen Internetbrowser verwenden um automatisch oder manuell Cookies zu l\u00f6schen. Du kannst au\u00dferdem spezifizieren, ob spezielle Cookies nicht platziert werden sollen. Eine andere M\u00f6glichkeit ist es, deinen Internetbrowser derart einzurichten, dass du jedes Mal benachrichtigt wirst, wenn ein Cookie platziert wird. F\u00fcr weitere Information \u00fcber diese M\u00f6glichkeiten, beachte die Anweisungen in der Hilfesektion deines Browsers.<\/p><p>Bitte nimm zur Kenntnis, dass unsere Website m\u00f6glicherweise nicht richtig funktioniert, wenn alle Cookies deaktiviert sind. Wenn du die Cookies in deinem Browser l\u00f6scht, werden diese neu platziert, wenn du unsere Website erneut besuchst.<\/p>\t\t\t\t\t\t\t\t<\/div>\n\t\t\t\t<div class=\"elementor-element elementor-element-f118e88 elementor-widget elementor-widget-text-editor\" data-id=\"f118e88\" data-element_type=\"widget\" data-e-type=\"widget\" data-widget_type=\"text-editor.default\">\n\t\t\t\t\t\t\t\t\t<h5><strong> Deine Rechte in Bezug auf pers\u00f6nliche Daten<\/strong><\/h5><p>Du hast in Bezug auf deine pers\u00f6nlichen Daten die folgenden Rechte:<\/p><ul><li>Du hast das Recht zu wissen, warum deine pers\u00f6nlichen Daten gebraucht werden, was mit ihnen passiert und wie lange diese verwahrt werden.<\/li><li>Zugriffsrecht: Du hast das Recht, deine uns bekannten pers\u00f6nliche Daten einzusehen.<\/li><li>Recht auf Berichtigung: Du hast das Recht, wann immer du w\u00fcnscht, deine pers\u00f6nlichen Daten zu erg\u00e4nzen, zu korrigieren sowie gel\u00f6scht oder blockiert zu bekommen.<\/li><li>Wenn du uns dein Einverst\u00e4ndnis zur Verarbeitung deiner Daten gegeben hast, hast du das Recht, dieses Einverst\u00e4ndnis zu widerrufen und deine pers\u00f6nlichen Daten l\u00f6schen zu lassen.<\/li><li>Recht auf Datentransfer deiner Daten: Du hast das Recht, alle deine pers\u00f6nlichen Daten von einem Verantwortlichen anzufordern und in ihrer Gesamtheit zu einem anderen Verantwortlichen zu transferieren.<\/li><li>Widerspruchsrecht: Du kannst der Verarbeitung deiner Daten widersprechen. Wir entsprechen dem, es sei denn es gibt berechtigte Gr\u00fcnde f\u00fcr die Verarbeitung.<\/li><\/ul><p>Um diese Rechte auszu\u00fcben kontaktiere uns bitte. Bitte beziehe dich auf die Kontaktdaten am Ende dieser Cookie-Erkl\u00e4rung. Wenn du eine Beschwerde dar\u00fcber hast, wie wir deine Daten behandeln, w\u00fcrden wir diese gerne h\u00f6ren, aber du hast auch das Recht diese an die Aufsichtsbeh\u00f6rde (Datenschutzbeh\u00f6rde) zu richten.<\/p>\t\t\t\t\t\t\t\t<\/div>\n\t\t\t\t<div class=\"elementor-element elementor-element-b763c6e elementor-widget elementor-widget-text-editor\" data-id=\"b763c6e\" data-element_type=\"widget\" data-e-type=\"widget\" data-widget_type=\"text-editor.default\">\n\t\t\t\t\t\t\t\t\t<h5><strong> Kontaktdaten<\/strong><\/h5><p>F\u00fcr Fragen und\/oder Kommentare \u00fcber unsere Cookie-Richtlinien und diese Aussage kontaktiere uns bitte mittels der folgenden Kontaktdaten:<\/p><h5>Janusz Sokol<br \/>Wagramer Str. 265,\u00a0 Gerasdorf bei Wien 2201<\/h5><h5><br \/>\u00d6sterreich<br \/>Website:\u00a0<a href=\"https:\/\/sokol-bau.eu\/\">https:\/\/sokol-bau.eu<\/a><br \/>E-Mail:\u00a0admin@sokol-bau.eu<\/h5>\t\t\t\t\t\t\t\t<\/div>\n\t\t\t\t<div class=\"elementor-element elementor-element-d15b872 elementor-widget elementor-widget-text-editor\" data-id=\"d15b872\" data-element_type=\"widget\" data-e-type=\"widget\" data-widget_type=\"text-editor.default\">\n\t\t\t\t\t\t\t\t\t<p>Diese Cookie-Richtlinie wurde mit\u00a0<a href=\"https:\/\/cookiedatabase.org\/\">cookiedatabase.org<\/a>\u00a0am 28. J\u00e4nner 2025 synchronisiert.<\/p>\t\t\t\t\t\t\t\t<\/div>\n\t\t\t\t<\/div>\n\t\t\t\t<\/div>\n\t\t\t\t<\/div>\n\t\t\t\t\t<\/div>\n\t\t\t\t<\/div>\n\t\t\t\t<\/div>\n\t\t","protected":false},"excerpt":{"rendered":"<p>Cookie-Richtlinie\u00a0 sokol-bau.eu Diese Cookie-Richtlinie wurde zuletzt am 28. J\u00e4nner 2025 aktualisiert und gilt f\u00fcr B\u00fcrger und Einwohner mit st\u00e4ndigem Wohnsitz im Europ\u00e4ischen Wirtschaftsraum und der Schweiz. Einf\u00fchrung Unsere Website,\u00a0https:\/\/sokol-bau.eu\u00a0(im folgenden: &#8222;Die Website&#8220;) verwendet Cookies und \u00e4hnliche Technologien (der Einfachheit halber werden all diese unter &#8222;Cookies&#8220; zusammengefasst). Cookies werden au\u00dferdem von uns beauftragten Drittparteien platziert. In [&hellip;]<\/p>\n","protected":false},"author":3,"featured_media":0,"parent":0,"menu_order":0,"comment_status":"closed","ping_status":"closed","template":"","meta":{"_eb_attr":"","_uag_custom_page_level_css":"","site-sidebar-layout":"default","site-content-layout":"","ast-site-content-layout":"default","site-content-style":"default","site-sidebar-style":"default","ast-global-header-display":"","ast-banner-title-visibility":"","ast-main-header-display":"","ast-hfb-above-header-display":"","ast-hfb-below-header-display":"","ast-hfb-mobile-header-display":"","site-post-title":"","ast-breadcrumbs-content":"","ast-featured-img":"","footer-sml-layout":"","ast-disable-related-posts":"","theme-transparent-header-meta":"","adv-header-id-meta":"","stick-header-meta":"","header-above-stick-meta":"","header-main-stick-meta":"","header-below-stick-meta":"","astra-migrate-meta-layouts":"default","ast-page-background-enabled":"default","ast-page-background-meta":{"desktop":{"background-color":"var(--ast-global-color-4)","background-image":"","background-repeat":"repeat","background-position":"center center","background-size":"auto","background-attachment":"scroll","background-type":"","background-media":"","overlay-type":"","overlay-color":"","overlay-opacity":"","overlay-gradient":""},"tablet":{"background-color":"","background-image":"","background-repeat":"repeat","background-position":"center center","background-size":"auto","background-attachment":"scroll","background-type":"","background-media":"","overlay-type":"","overlay-color":"","overlay-opacity":"","overlay-gradient":""},"mobile":{"background-color":"","background-image":"","background-repeat":"repeat","background-position":"center center","background-size":"auto","background-attachment":"scroll","background-type":"","background-media":"","overlay-type":"","overlay-color":"","overlay-opacity":"","overlay-gradient":""}},"ast-content-background-meta":{"desktop":{"background-color":"var(--ast-global-color-5)","background-image":"","background-repeat":"repeat","background-position":"center center","background-size":"auto","background-attachment":"scroll","background-type":"","background-media":"","overlay-type":"","overlay-color":"","overlay-opacity":"","overlay-gradient":""},"tablet":{"background-color":"var(--ast-global-color-5)","background-image":"","background-repeat":"repeat","background-position":"center center","background-size":"auto","background-attachment":"scroll","background-type":"","background-media":"","overlay-type":"","overlay-color":"","overlay-opacity":"","overlay-gradient":""},"mobile":{"background-color":"var(--ast-global-color-5)","background-image":"","background-repeat":"repeat","background-position":"center center","background-size":"auto","background-attachment":"scroll","background-type":"","background-media":"","overlay-type":"","overlay-color":"","overlay-opacity":"","overlay-gradient":""}},"footnotes":""},"class_list":["post-4052","page","type-page","status-publish","hentry"],"yoast_head":"<!-- This site is optimized with the Yoast SEO plugin v27.4 - https:\/\/yoast.com\/product\/yoast-seo-wordpress\/ -->\n<title>Cookie-Richtlinie (EU) - Sokol-Bau<\/title>\n<meta name=\"robots\" content=\"index, follow, max-snippet:-1, max-image-preview:large, max-video-preview:-1\" \/>\n<link rel=\"canonical\" href=\"https:\/\/sokol-bau.eu\/?page_id=4052\" \/>\n<meta property=\"og:locale\" content=\"de_DE\" \/>\n<meta property=\"og:type\" content=\"article\" \/>\n<meta property=\"og:title\" content=\"Cookie-Richtlinie (EU) - Sokol-Bau\" \/>\n<meta property=\"og:description\" content=\"Cookie-Richtlinie\u00a0 sokol-bau.eu Diese Cookie-Richtlinie wurde zuletzt am 28. J\u00e4nner 2025 aktualisiert und gilt f\u00fcr B\u00fcrger und Einwohner mit st\u00e4ndigem Wohnsitz im Europ\u00e4ischen Wirtschaftsraum und der Schweiz. Einf\u00fchrung Unsere Website,\u00a0https:\/\/sokol-bau.eu\u00a0(im folgenden: &#8222;Die Website&#8220;) verwendet Cookies und \u00e4hnliche Technologien (der Einfachheit halber werden all diese unter &#8222;Cookies&#8220; zusammengefasst). Cookies werden au\u00dferdem von uns beauftragten Drittparteien platziert. In [&hellip;]\" \/>\n<meta property=\"og:url\" content=\"https:\/\/sokol-bau.eu\/?page_id=4052\" \/>\n<meta property=\"og:site_name\" content=\"Sokol-Bau\" \/>\n<meta property=\"article:modified_time\" content=\"2025-02-11T10:34:51+00:00\" \/>\n<meta property=\"og:image\" content=\"https:\/\/sokol-bau.eu\/wp-content\/uploads\/2025\/01\/poprawiony.png\" \/>\n\t<meta property=\"og:image:width\" content=\"1344\" \/>\n\t<meta property=\"og:image:height\" content=\"896\" \/>\n\t<meta property=\"og:image:type\" content=\"image\/png\" \/>\n<meta name=\"twitter:card\" content=\"summary_large_image\" \/>\n<script type=\"application\/ld+json\" class=\"yoast-schema-graph\">{\"@context\":\"https:\\\/\\\/schema.org\",\"@graph\":[{\"@type\":\"WebPage\",\"@id\":\"https:\\\/\\\/sokol-bau.eu\\\/?page_id=4052\",\"url\":\"https:\\\/\\\/sokol-bau.eu\\\/?page_id=4052\",\"name\":\"Cookie-Richtlinie (EU) - Sokol-Bau\",\"isPartOf\":{\"@id\":\"https:\\\/\\\/sokol-bau.eu\\\/#website\"},\"datePublished\":\"2025-01-28T05:49:24+00:00\",\"dateModified\":\"2025-02-11T10:34:51+00:00\",\"breadcrumb\":{\"@id\":\"https:\\\/\\\/sokol-bau.eu\\\/?page_id=4052#breadcrumb\"},\"inLanguage\":\"de-AT\",\"potentialAction\":[{\"@type\":\"ReadAction\",\"target\":[\"https:\\\/\\\/sokol-bau.eu\\\/?page_id=4052\"]}]},{\"@type\":\"BreadcrumbList\",\"@id\":\"https:\\\/\\\/sokol-bau.eu\\\/?page_id=4052#breadcrumb\",\"itemListElement\":[{\"@type\":\"ListItem\",\"position\":1,\"name\":\"Startseite\",\"item\":\"https:\\\/\\\/sokol-bau.eu\\\/\"},{\"@type\":\"ListItem\",\"position\":2,\"name\":\"Cookie-Richtlinie (EU)\"}]},{\"@type\":\"WebSite\",\"@id\":\"https:\\\/\\\/sokol-bau.eu\\\/#website\",\"url\":\"https:\\\/\\\/sokol-bau.eu\\\/\",\"name\":\"Sokol-Bau\",\"description\":\"\",\"publisher\":{\"@id\":\"https:\\\/\\\/sokol-bau.eu\\\/#organization\"},\"alternateName\":\"Sokol Malerei und Innenausbau GmbH\",\"potentialAction\":[{\"@type\":\"SearchAction\",\"target\":{\"@type\":\"EntryPoint\",\"urlTemplate\":\"https:\\\/\\\/sokol-bau.eu\\\/?s={search_term_string}\"},\"query-input\":{\"@type\":\"PropertyValueSpecification\",\"valueRequired\":true,\"valueName\":\"search_term_string\"}}],\"inLanguage\":\"de-AT\"},{\"@type\":\"Organization\",\"@id\":\"https:\\\/\\\/sokol-bau.eu\\\/#organization\",\"name\":\"Sokol Malerei und Innenausbau GmbH\",\"url\":\"https:\\\/\\\/sokol-bau.eu\\\/\",\"logo\":{\"@type\":\"ImageObject\",\"inLanguage\":\"de-AT\",\"@id\":\"https:\\\/\\\/sokol-bau.eu\\\/#\\\/schema\\\/logo\\\/image\\\/\",\"url\":\"https:\\\/\\\/sokol-bau.eu\\\/wp-content\\\/uploads\\\/2025\\\/01\\\/cropped-sokologo-2-scaled-1.webp\",\"contentUrl\":\"https:\\\/\\\/sokol-bau.eu\\\/wp-content\\\/uploads\\\/2025\\\/01\\\/cropped-sokologo-2-scaled-1.webp\",\"width\":1920,\"height\":1405,\"caption\":\"Sokol Malerei und Innenausbau GmbH\"},\"image\":{\"@id\":\"https:\\\/\\\/sokol-bau.eu\\\/#\\\/schema\\\/logo\\\/image\\\/\"}}]}<\/script>\n<!-- \/ Yoast SEO plugin. -->","yoast_head_json":{"title":"Cookie-Richtlinie (EU) - Sokol-Bau","robots":{"index":"index","follow":"follow","max-snippet":"max-snippet:-1","max-image-preview":"max-image-preview:large","max-video-preview":"max-video-preview:-1"},"canonical":"https:\/\/sokol-bau.eu\/?page_id=4052","og_locale":"de_DE","og_type":"article","og_title":"Cookie-Richtlinie (EU) - Sokol-Bau","og_description":"Cookie-Richtlinie\u00a0 sokol-bau.eu Diese Cookie-Richtlinie wurde zuletzt am 28. J\u00e4nner 2025 aktualisiert und gilt f\u00fcr B\u00fcrger und Einwohner mit st\u00e4ndigem Wohnsitz im Europ\u00e4ischen Wirtschaftsraum und der Schweiz. Einf\u00fchrung Unsere Website,\u00a0https:\/\/sokol-bau.eu\u00a0(im folgenden: &#8222;Die Website&#8220;) verwendet Cookies und \u00e4hnliche Technologien (der Einfachheit halber werden all diese unter &#8222;Cookies&#8220; zusammengefasst). Cookies werden au\u00dferdem von uns beauftragten Drittparteien platziert. In [&hellip;]","og_url":"https:\/\/sokol-bau.eu\/?page_id=4052","og_site_name":"Sokol-Bau","article_modified_time":"2025-02-11T10:34:51+00:00","og_image":[{"width":1344,"height":896,"url":"https:\/\/sokol-bau.eu\/wp-content\/uploads\/2025\/01\/poprawiony.png","type":"image\/png"}],"twitter_card":"summary_large_image","schema":{"@context":"https:\/\/schema.org","@graph":[{"@type":"WebPage","@id":"https:\/\/sokol-bau.eu\/?page_id=4052","url":"https:\/\/sokol-bau.eu\/?page_id=4052","name":"Cookie-Richtlinie (EU) - Sokol-Bau","isPartOf":{"@id":"https:\/\/sokol-bau.eu\/#website"},"datePublished":"2025-01-28T05:49:24+00:00","dateModified":"2025-02-11T10:34:51+00:00","breadcrumb":{"@id":"https:\/\/sokol-bau.eu\/?page_id=4052#breadcrumb"},"inLanguage":"de-AT","potentialAction":[{"@type":"ReadAction","target":["https:\/\/sokol-bau.eu\/?page_id=4052"]}]},{"@type":"BreadcrumbList","@id":"https:\/\/sokol-bau.eu\/?page_id=4052#breadcrumb","itemListElement":[{"@type":"ListItem","position":1,"name":"Startseite","item":"https:\/\/sokol-bau.eu\/"},{"@type":"ListItem","position":2,"name":"Cookie-Richtlinie (EU)"}]},{"@type":"WebSite","@id":"https:\/\/sokol-bau.eu\/#website","url":"https:\/\/sokol-bau.eu\/","name":"Sokol-Bau","description":"","publisher":{"@id":"https:\/\/sokol-bau.eu\/#organization"},"alternateName":"Sokol Malerei und Innenausbau GmbH","potentialAction":[{"@type":"SearchAction","target":{"@type":"EntryPoint","urlTemplate":"https:\/\/sokol-bau.eu\/?s={search_term_string}"},"query-input":{"@type":"PropertyValueSpecification","valueRequired":true,"valueName":"search_term_string"}}],"inLanguage":"de-AT"},{"@type":"Organization","@id":"https:\/\/sokol-bau.eu\/#organization","name":"Sokol Malerei und Innenausbau GmbH","url":"https:\/\/sokol-bau.eu\/","logo":{"@type":"ImageObject","inLanguage":"de-AT","@id":"https:\/\/sokol-bau.eu\/#\/schema\/logo\/image\/","url":"https:\/\/sokol-bau.eu\/wp-content\/uploads\/2025\/01\/cropped-sokologo-2-scaled-1.webp","contentUrl":"https:\/\/sokol-bau.eu\/wp-content\/uploads\/2025\/01\/cropped-sokologo-2-scaled-1.webp","width":1920,"height":1405,"caption":"Sokol Malerei und Innenausbau GmbH"},"image":{"@id":"https:\/\/sokol-bau.eu\/#\/schema\/logo\/image\/"}}]}},"uagb_featured_image_src":{"full":false,"thumbnail":false,"medium":false,"medium_large":false,"large":false,"1536x1536":false,"2048x2048":false},"uagb_author_info":{"display_name":"Janusz sokol","author_link":"https:\/\/sokol-bau.eu\/?author=3"},"uagb_comment_info":0,"uagb_excerpt":"Cookie-Richtlinie\u00a0 sokol-bau.eu Diese Cookie-Richtlinie wurde zuletzt am 28. J\u00e4nner 2025 aktualisiert und gilt f\u00fcr B\u00fcrger und Einwohner mit st\u00e4ndigem Wohnsitz im Europ\u00e4ischen Wirtschaftsraum und der Schweiz. Einf\u00fchrung Unsere Website,\u00a0https:\/\/sokol-bau.eu\u00a0(im folgenden: &#8222;Die Website&#8220;) verwendet Cookies und \u00e4hnliche Technologien (der Einfachheit halber werden all diese unter &#8222;Cookies&#8220; zusammengefasst). Cookies werden au\u00dferdem von uns beauftragten Drittparteien platziert. In&hellip;","_links":{"self":[{"href":"https:\/\/sokol-bau.eu\/index.php?rest_route=\/wp\/v2\/pages\/4052","targetHints":{"allow":["GET"]}}],"collection":[{"href":"https:\/\/sokol-bau.eu\/index.php?rest_route=\/wp\/v2\/pages"}],"about":[{"href":"https:\/\/sokol-bau.eu\/index.php?rest_route=\/wp\/v2\/types\/page"}],"author":[{"embeddable":true,"href":"https:\/\/sokol-bau.eu\/index.php?rest_route=\/wp\/v2\/users\/3"}],"replies":[{"embeddable":true,"href":"https:\/\/sokol-bau.eu\/index.php?rest_route=%2Fwp%2Fv2%2Fcomments&post=4052"}],"version-history":[{"count":15,"href":"https:\/\/sokol-bau.eu\/index.php?rest_route=\/wp\/v2\/pages\/4052\/revisions"}],"predecessor-version":[{"id":4159,"href":"https:\/\/sokol-bau.eu\/index.php?rest_route=\/wp\/v2\/pages\/4052\/revisions\/4159"}],"wp:attachment":[{"href":"https:\/\/sokol-bau.eu\/index.php?rest_route=%2Fwp%2Fv2%2Fmedia&parent=4052"}],"curies":[{"name":"wp","href":"https:\/\/api.w.org\/{rel}","templated":true}]}}