{"id":3951,"date":"2025-01-25T19:48:34","date_gmt":"2025-01-25T18:48:34","guid":{"rendered":"https:\/\/sokol-bau.eu\/?page_id=3951"},"modified":"2025-02-11T11:36:21","modified_gmt":"2025-02-11T10:36:21","slug":"impressum","status":"publish","type":"page","link":"https:\/\/sokol-bau.eu\/?page_id=3951","title":{"rendered":"Impressum"},"content":{"rendered":"\t\t<div data-elementor-type=\"wp-page\" data-elementor-id=\"3951\" class=\"elementor elementor-3951\">\n\t\t\t\t<div class=\"elementor-element elementor-element-8a94288 e-flex e-con-boxed e-con e-parent\" data-id=\"8a94288\" data-element_type=\"container\" data-e-type=\"container\">\n\t\t\t\t\t<div class=\"e-con-inner\">\n\t\t\t\t\t<\/div>\n\t\t\t\t<\/div>\n\t\t<div class=\"elementor-element elementor-element-efc0cd1 e-flex e-con-boxed e-con e-parent\" data-id=\"efc0cd1\" data-element_type=\"container\" data-e-type=\"container\">\n\t\t\t\t\t<div class=\"e-con-inner\">\n\t\t\t\t\t<\/div>\n\t\t\t\t<\/div>\n\t\t<div class=\"elementor-element elementor-element-26e5b22 envato-kit-141-top-0 e-flex e-con-boxed e-con e-parent\" data-id=\"26e5b22\" data-element_type=\"container\" data-e-type=\"container\" data-settings=\"{&quot;background_background&quot;:&quot;classic&quot;}\">\n\t\t\t\t\t<div class=\"e-con-inner\">\n\t\t<div class=\"elementor-element elementor-element-30759fa e-con-full e-flex e-con e-child\" data-id=\"30759fa\" data-element_type=\"container\" data-e-type=\"container\">\n\t\t\t\t<div class=\"elementor-element elementor-element-680fc8f elementor-invisible elementor-widget elementor-widget-heading\" data-id=\"680fc8f\" data-element_type=\"widget\" data-e-type=\"widget\" data-settings=\"{&quot;_animation&quot;:&quot;fadeIn&quot;,&quot;_animation_delay&quot;:50}\" data-widget_type=\"heading.default\">\n\t\t\t\t\t<h2 class=\"elementor-heading-title elementor-size-default\">Sokol Malerei und Innenausbau GmbH<\/h2>\t\t\t\t<\/div>\n\t\t\t\t<div class=\"elementor-element elementor-element-ae88cfe elementor-invisible elementor-widget elementor-widget-heading\" data-id=\"ae88cfe\" data-element_type=\"widget\" data-e-type=\"widget\" data-settings=\"{&quot;_animation&quot;:&quot;fadeIn&quot;,&quot;_animation_delay&quot;:100}\" data-widget_type=\"heading.default\">\n\t\t\t\t\t<h2 class=\"elementor-heading-title elementor-size-default\">Impressum<\/h2>\t\t\t\t<\/div>\n\t\t\t\t<div class=\"elementor-element elementor-element-4b5bf91 elementor-widget-divider--view-line elementor-invisible elementor-widget elementor-widget-divider\" data-id=\"4b5bf91\" data-element_type=\"widget\" data-e-type=\"widget\" data-settings=\"{&quot;_animation&quot;:&quot;fadeIn&quot;,&quot;_animation_delay&quot;:300}\" data-widget_type=\"divider.default\">\n\t\t\t\t\t\t\t<div class=\"elementor-divider\">\n\t\t\t<span class=\"elementor-divider-separator\">\n\t\t\t\t\t\t<\/span>\n\t\t<\/div>\n\t\t\t\t\t\t<\/div>\n\t\t<div class=\"elementor-element elementor-element-2d13119 e-con-full e-flex e-con e-child\" data-id=\"2d13119\" data-element_type=\"container\" data-e-type=\"container\">\n\t\t<div class=\"elementor-element elementor-element-7025982 e-con-full e-flex e-con e-child\" data-id=\"7025982\" data-element_type=\"container\" data-e-type=\"container\">\n\t\t\t\t<div class=\"elementor-element elementor-element-33c47e9 elementor-widget elementor-widget-heading\" data-id=\"33c47e9\" data-element_type=\"widget\" data-e-type=\"widget\" data-widget_type=\"heading.default\">\n\t\t\t\t\t<h2 class=\"elementor-heading-title elementor-size-default\">Adresse:<\/h2>\t\t\t\t<\/div>\n\t\t\t\t<div class=\"elementor-element elementor-element-96e9a35 elementor-widget elementor-widget-text-editor\" data-id=\"96e9a35\" data-element_type=\"widget\" data-e-type=\"widget\" data-widget_type=\"text-editor.default\">\n\t\t\t\t\t\t\t\t\t<p>Wagramer Strasse 265\u00a0<br \/>2201 Gerasdorf bei Wien \u00a0\u00d6sterreich<\/p><p><strong>Kontakt:<\/strong><br \/>Telefon: +43 1 256 40 92<br \/>E-Mail (Datenschutz): admin@sokol-bau.eu<br \/>E-Mail (Verkauf): verkauf@sokol-bau.eu<\/p><p><strong>Ansprechpartner:<\/strong><br \/>Grazyna Sokol<\/p><p><strong>Firmeninformationen:<\/strong><br \/>UID-Nr.: ATU64908112<br \/>Firmenbuchnummer: 323457 y<br \/>Handelsregistergericht: Handelsgericht Wien<br \/>Gewerbeberechtigung: DG-Nr. 30162461<br \/>Steuernummer: 420\/3548<\/p><p><strong>Telefonische Erreichbarkeit:<\/strong><br \/>Montag \u2013 Donnerstag: 07:00 \u2013 17:00 Uhr<br \/>Freitag: 07:00 \u2013 14:00 Uhr<\/p><p><strong>Lageplan:<\/strong><br \/><a href=\"https:\/\/maps.app.goo.gl\/pwQr7sTFFPu7tbkM6\">Standort auf Google Maps anzeigen<\/a><\/p>\t\t\t\t\t\t\t\t<\/div>\n\t\t\t\t<div class=\"elementor-element elementor-element-b75ffe2 elementor-widget elementor-widget-heading\" data-id=\"b75ffe2\" data-element_type=\"widget\" data-e-type=\"widget\" data-widget_type=\"heading.default\">\n\t\t\t\t\t<h2 class=\"elementor-heading-title elementor-size-default\">Haftungsausschluss:<\/br>\n\n\u2022\tF\u00fcr die Inhalte verlinkter Seiten wird keine Haftung \u00fcbernommen.\n\u2022\tTrotz sorgf\u00e4ltiger Pr\u00fcfung kann keine Haftung f\u00fcr technische Fehler \u00fcbernommen werden.<\/br>\nUrheberrecht:<\/br>\nAlle Texte, Bilder und Grafiken dieser Website sind urheberrechtlich gesch\u00fctzt. Jede Nutzung bedarf der vorherigen schriftlichen Zustimmung.\n<\/h2>\t\t\t\t<\/div>\n\t\t\t\t<\/div>\n\t\t\t\t<\/div>\n\t\t\t\t<\/div>\n\t\t\t\t\t<\/div>\n\t\t\t\t<\/div>\n\t\t\t\t<\/div>\n\t\t","protected":false},"excerpt":{"rendered":"<p>Sokol Malerei und Innenausbau GmbH Impressum Adresse: Wagramer Strasse 265\u00a02201 Gerasdorf bei Wien \u00a0\u00d6sterreich Kontakt:Telefon: +43 1 256 40 92E-Mail (Datenschutz): admin@sokol-bau.euE-Mail (Verkauf): verkauf@sokol-bau.eu Ansprechpartner:Grazyna Sokol Firmeninformationen:UID-Nr.: ATU64908112Firmenbuchnummer: 323457 yHandelsregistergericht: Handelsgericht WienGewerbeberechtigung: DG-Nr. 30162461Steuernummer: 420\/3548 Telefonische Erreichbarkeit:Montag \u2013 Donnerstag: 07:00 \u2013 17:00 UhrFreitag: 07:00 \u2013 14:00 Uhr Lageplan:Standort auf Google Maps anzeigen Haftungsausschluss: \u2022 F\u00fcr [&hellip;]<\/p>\n","protected":false},"author":3,"featured_media":0,"parent":0,"menu_order":0,"comment_status":"closed","ping_status":"closed","template":"","meta":{"_eb_attr":"","_uag_custom_page_level_css":"","site-sidebar-layout":"no-sidebar","site-content-layout":"page-builder","ast-site-content-layout":"full-width-container","site-content-style":"default","site-sidebar-style":"default","ast-global-header-display":"","ast-banner-title-visibility":"","ast-main-header-display":"","ast-hfb-above-header-display":"","ast-hfb-below-header-display":"","ast-hfb-mobile-header-display":"","site-post-title":"disabled","ast-breadcrumbs-content":"","ast-featured-img":"disabled","footer-sml-layout":"","ast-disable-related-posts":"","theme-transparent-header-meta":"","adv-header-id-meta":"","stick-header-meta":"","header-above-stick-meta":"","header-main-stick-meta":"","header-below-stick-meta":"","astra-migrate-meta-layouts":"set","ast-page-background-enabled":"default","ast-page-background-meta":{"desktop":{"background-color":"var(--ast-global-color-4)","background-image":"","background-repeat":"repeat","background-position":"center center","background-size":"auto","background-attachment":"scroll","background-type":"","background-media":"","overlay-type":"","overlay-color":"","overlay-opacity":"","overlay-gradient":""},"tablet":{"background-color":"","background-image":"","background-repeat":"repeat","background-position":"center center","background-size":"auto","background-attachment":"scroll","background-type":"","background-media":"","overlay-type":"","overlay-color":"","overlay-opacity":"","overlay-gradient":""},"mobile":{"background-color":"","background-image":"","background-repeat":"repeat","background-position":"center center","background-size":"auto","background-attachment":"scroll","background-type":"","background-media":"","overlay-type":"","overlay-color":"","overlay-opacity":"","overlay-gradient":""}},"ast-content-background-meta":{"desktop":{"background-color":"var(--ast-global-color-5)","background-image":"","background-repeat":"repeat","background-position":"center center","background-size":"auto","background-attachment":"scroll","background-type":"","background-media":"","overlay-type":"","overlay-color":"","overlay-opacity":"","overlay-gradient":""},"tablet":{"background-color":"var(--ast-global-color-5)","background-image":"","background-repeat":"repeat","background-position":"center center","background-size":"auto","background-attachment":"scroll","background-type":"","background-media":"","overlay-type":"","overlay-color":"","overlay-opacity":"","overlay-gradient":""},"mobile":{"background-color":"var(--ast-global-color-5)","background-image":"","background-repeat":"repeat","background-position":"center center","background-size":"auto","background-attachment":"scroll","background-type":"","background-media":"","overlay-type":"","overlay-color":"","overlay-opacity":"","overlay-gradient":""}},"footnotes":""},"class_list":["post-3951","page","type-page","status-publish","hentry"],"yoast_head":"<!-- This site is optimized with the Yoast SEO plugin v27.4 - https:\/\/yoast.com\/product\/yoast-seo-wordpress\/ -->\n<title>Impressum - Sokol-Bau<\/title>\n<meta name=\"robots\" content=\"index, follow, max-snippet:-1, max-image-preview:large, max-video-preview:-1\" \/>\n<link rel=\"canonical\" href=\"https:\/\/sokol-bau.eu\/?page_id=3951\" \/>\n<meta property=\"og:locale\" content=\"de_DE\" \/>\n<meta property=\"og:type\" content=\"article\" \/>\n<meta property=\"og:title\" content=\"Impressum - Sokol-Bau\" \/>\n<meta property=\"og:description\" content=\"Sokol Malerei und Innenausbau GmbH Impressum Adresse: Wagramer Strasse 265\u00a02201 Gerasdorf bei Wien \u00a0\u00d6sterreich Kontakt:Telefon: +43 1 256 40 92E-Mail (Datenschutz): admin@sokol-bau.euE-Mail (Verkauf): verkauf@sokol-bau.eu Ansprechpartner:Grazyna Sokol Firmeninformationen:UID-Nr.: ATU64908112Firmenbuchnummer: 323457 yHandelsregistergericht: Handelsgericht WienGewerbeberechtigung: DG-Nr. 30162461Steuernummer: 420\/3548 Telefonische Erreichbarkeit:Montag \u2013 Donnerstag: 07:00 \u2013 17:00 UhrFreitag: 07:00 \u2013 14:00 Uhr Lageplan:Standort auf Google Maps anzeigen Haftungsausschluss: \u2022 F\u00fcr [&hellip;]\" \/>\n<meta property=\"og:url\" content=\"https:\/\/sokol-bau.eu\/?page_id=3951\" \/>\n<meta property=\"og:site_name\" content=\"Sokol-Bau\" \/>\n<meta property=\"article:modified_time\" content=\"2025-02-11T10:36:21+00:00\" \/>\n<meta property=\"og:image\" content=\"https:\/\/sokol-bau.eu\/wp-content\/uploads\/2025\/01\/poprawiony.png\" \/>\n\t<meta property=\"og:image:width\" content=\"1344\" \/>\n\t<meta property=\"og:image:height\" content=\"896\" \/>\n\t<meta property=\"og:image:type\" content=\"image\/png\" \/>\n<meta name=\"twitter:card\" content=\"summary_large_image\" \/>\n<script type=\"application\/ld+json\" class=\"yoast-schema-graph\">{\"@context\":\"https:\\\/\\\/schema.org\",\"@graph\":[{\"@type\":\"WebPage\",\"@id\":\"https:\\\/\\\/sokol-bau.eu\\\/?page_id=3951\",\"url\":\"https:\\\/\\\/sokol-bau.eu\\\/?page_id=3951\",\"name\":\"Impressum - Sokol-Bau\",\"isPartOf\":{\"@id\":\"https:\\\/\\\/sokol-bau.eu\\\/#website\"},\"datePublished\":\"2025-01-25T18:48:34+00:00\",\"dateModified\":\"2025-02-11T10:36:21+00:00\",\"breadcrumb\":{\"@id\":\"https:\\\/\\\/sokol-bau.eu\\\/?page_id=3951#breadcrumb\"},\"inLanguage\":\"de-AT\",\"potentialAction\":[{\"@type\":\"ReadAction\",\"target\":[\"https:\\\/\\\/sokol-bau.eu\\\/?page_id=3951\"]}]},{\"@type\":\"BreadcrumbList\",\"@id\":\"https:\\\/\\\/sokol-bau.eu\\\/?page_id=3951#breadcrumb\",\"itemListElement\":[{\"@type\":\"ListItem\",\"position\":1,\"name\":\"Startseite\",\"item\":\"https:\\\/\\\/sokol-bau.eu\\\/\"},{\"@type\":\"ListItem\",\"position\":2,\"name\":\"Impressum\"}]},{\"@type\":\"WebSite\",\"@id\":\"https:\\\/\\\/sokol-bau.eu\\\/#website\",\"url\":\"https:\\\/\\\/sokol-bau.eu\\\/\",\"name\":\"Sokol-Bau\",\"description\":\"\",\"publisher\":{\"@id\":\"https:\\\/\\\/sokol-bau.eu\\\/#organization\"},\"alternateName\":\"Sokol Malerei und Innenausbau GmbH\",\"potentialAction\":[{\"@type\":\"SearchAction\",\"target\":{\"@type\":\"EntryPoint\",\"urlTemplate\":\"https:\\\/\\\/sokol-bau.eu\\\/?s={search_term_string}\"},\"query-input\":{\"@type\":\"PropertyValueSpecification\",\"valueRequired\":true,\"valueName\":\"search_term_string\"}}],\"inLanguage\":\"de-AT\"},{\"@type\":\"Organization\",\"@id\":\"https:\\\/\\\/sokol-bau.eu\\\/#organization\",\"name\":\"Sokol Malerei und Innenausbau GmbH\",\"url\":\"https:\\\/\\\/sokol-bau.eu\\\/\",\"logo\":{\"@type\":\"ImageObject\",\"inLanguage\":\"de-AT\",\"@id\":\"https:\\\/\\\/sokol-bau.eu\\\/#\\\/schema\\\/logo\\\/image\\\/\",\"url\":\"https:\\\/\\\/sokol-bau.eu\\\/wp-content\\\/uploads\\\/2025\\\/01\\\/cropped-sokologo-2-scaled-1.webp\",\"contentUrl\":\"https:\\\/\\\/sokol-bau.eu\\\/wp-content\\\/uploads\\\/2025\\\/01\\\/cropped-sokologo-2-scaled-1.webp\",\"width\":1920,\"height\":1405,\"caption\":\"Sokol Malerei und Innenausbau GmbH\"},\"image\":{\"@id\":\"https:\\\/\\\/sokol-bau.eu\\\/#\\\/schema\\\/logo\\\/image\\\/\"}}]}<\/script>\n<!-- \/ Yoast SEO plugin. -->","yoast_head_json":{"title":"Impressum - Sokol-Bau","robots":{"index":"index","follow":"follow","max-snippet":"max-snippet:-1","max-image-preview":"max-image-preview:large","max-video-preview":"max-video-preview:-1"},"canonical":"https:\/\/sokol-bau.eu\/?page_id=3951","og_locale":"de_DE","og_type":"article","og_title":"Impressum - Sokol-Bau","og_description":"Sokol Malerei und Innenausbau GmbH Impressum Adresse: Wagramer Strasse 265\u00a02201 Gerasdorf bei Wien \u00a0\u00d6sterreich Kontakt:Telefon: +43 1 256 40 92E-Mail (Datenschutz): admin@sokol-bau.euE-Mail (Verkauf): verkauf@sokol-bau.eu Ansprechpartner:Grazyna Sokol Firmeninformationen:UID-Nr.: ATU64908112Firmenbuchnummer: 323457 yHandelsregistergericht: Handelsgericht WienGewerbeberechtigung: DG-Nr. 30162461Steuernummer: 420\/3548 Telefonische Erreichbarkeit:Montag \u2013 Donnerstag: 07:00 \u2013 17:00 UhrFreitag: 07:00 \u2013 14:00 Uhr Lageplan:Standort auf Google Maps anzeigen Haftungsausschluss: \u2022 F\u00fcr [&hellip;]","og_url":"https:\/\/sokol-bau.eu\/?page_id=3951","og_site_name":"Sokol-Bau","article_modified_time":"2025-02-11T10:36:21+00:00","og_image":[{"width":1344,"height":896,"url":"https:\/\/sokol-bau.eu\/wp-content\/uploads\/2025\/01\/poprawiony.png","type":"image\/png"}],"twitter_card":"summary_large_image","schema":{"@context":"https:\/\/schema.org","@graph":[{"@type":"WebPage","@id":"https:\/\/sokol-bau.eu\/?page_id=3951","url":"https:\/\/sokol-bau.eu\/?page_id=3951","name":"Impressum - Sokol-Bau","isPartOf":{"@id":"https:\/\/sokol-bau.eu\/#website"},"datePublished":"2025-01-25T18:48:34+00:00","dateModified":"2025-02-11T10:36:21+00:00","breadcrumb":{"@id":"https:\/\/sokol-bau.eu\/?page_id=3951#breadcrumb"},"inLanguage":"de-AT","potentialAction":[{"@type":"ReadAction","target":["https:\/\/sokol-bau.eu\/?page_id=3951"]}]},{"@type":"BreadcrumbList","@id":"https:\/\/sokol-bau.eu\/?page_id=3951#breadcrumb","itemListElement":[{"@type":"ListItem","position":1,"name":"Startseite","item":"https:\/\/sokol-bau.eu\/"},{"@type":"ListItem","position":2,"name":"Impressum"}]},{"@type":"WebSite","@id":"https:\/\/sokol-bau.eu\/#website","url":"https:\/\/sokol-bau.eu\/","name":"Sokol-Bau","description":"","publisher":{"@id":"https:\/\/sokol-bau.eu\/#organization"},"alternateName":"Sokol Malerei und Innenausbau GmbH","potentialAction":[{"@type":"SearchAction","target":{"@type":"EntryPoint","urlTemplate":"https:\/\/sokol-bau.eu\/?s={search_term_string}"},"query-input":{"@type":"PropertyValueSpecification","valueRequired":true,"valueName":"search_term_string"}}],"inLanguage":"de-AT"},{"@type":"Organization","@id":"https:\/\/sokol-bau.eu\/#organization","name":"Sokol Malerei und Innenausbau GmbH","url":"https:\/\/sokol-bau.eu\/","logo":{"@type":"ImageObject","inLanguage":"de-AT","@id":"https:\/\/sokol-bau.eu\/#\/schema\/logo\/image\/","url":"https:\/\/sokol-bau.eu\/wp-content\/uploads\/2025\/01\/cropped-sokologo-2-scaled-1.webp","contentUrl":"https:\/\/sokol-bau.eu\/wp-content\/uploads\/2025\/01\/cropped-sokologo-2-scaled-1.webp","width":1920,"height":1405,"caption":"Sokol Malerei und Innenausbau GmbH"},"image":{"@id":"https:\/\/sokol-bau.eu\/#\/schema\/logo\/image\/"}}]}},"uagb_featured_image_src":{"full":false,"thumbnail":false,"medium":false,"medium_large":false,"large":false,"1536x1536":false,"2048x2048":false},"uagb_author_info":{"display_name":"Janusz sokol","author_link":"https:\/\/sokol-bau.eu\/?author=3"},"uagb_comment_info":0,"uagb_excerpt":"Sokol Malerei und Innenausbau GmbH Impressum Adresse: Wagramer Strasse 265\u00a02201 Gerasdorf bei Wien \u00a0\u00d6sterreich Kontakt:Telefon: +43 1 256 40 92E-Mail (Datenschutz): admin@sokol-bau.euE-Mail (Verkauf): verkauf@sokol-bau.eu Ansprechpartner:Grazyna Sokol Firmeninformationen:UID-Nr.: ATU64908112Firmenbuchnummer: 323457 yHandelsregistergericht: Handelsgericht WienGewerbeberechtigung: DG-Nr. 30162461Steuernummer: 420\/3548 Telefonische Erreichbarkeit:Montag \u2013 Donnerstag: 07:00 \u2013 17:00 UhrFreitag: 07:00 \u2013 14:00 Uhr Lageplan:Standort auf Google Maps anzeigen Haftungsausschluss: \u2022 F\u00fcr&hellip;","_links":{"self":[{"href":"https:\/\/sokol-bau.eu\/index.php?rest_route=\/wp\/v2\/pages\/3951","targetHints":{"allow":["GET"]}}],"collection":[{"href":"https:\/\/sokol-bau.eu\/index.php?rest_route=\/wp\/v2\/pages"}],"about":[{"href":"https:\/\/sokol-bau.eu\/index.php?rest_route=\/wp\/v2\/types\/page"}],"author":[{"embeddable":true,"href":"https:\/\/sokol-bau.eu\/index.php?rest_route=\/wp\/v2\/users\/3"}],"replies":[{"embeddable":true,"href":"https:\/\/sokol-bau.eu\/index.php?rest_route=%2Fwp%2Fv2%2Fcomments&post=3951"}],"version-history":[{"count":19,"href":"https:\/\/sokol-bau.eu\/index.php?rest_route=\/wp\/v2\/pages\/3951\/revisions"}],"predecessor-version":[{"id":4162,"href":"https:\/\/sokol-bau.eu\/index.php?rest_route=\/wp\/v2\/pages\/3951\/revisions\/4162"}],"wp:attachment":[{"href":"https:\/\/sokol-bau.eu\/index.php?rest_route=%2Fwp%2Fv2%2Fmedia&parent=3951"}],"curies":[{"name":"wp","href":"https:\/\/api.w.org\/{rel}","templated":true}]}}